{"id":52,"date":"2016-05-17T10:58:19","date_gmt":"2016-05-17T10:58:19","guid":{"rendered":"http:\/\/www.temp.jukesales.nl\/?page_id=52"},"modified":"2025-09-22T11:56:00","modified_gmt":"2025-09-22T09:56:00","slug":"homepage","status":"publish","type":"page","link":"https:\/\/jukesales.nl\/fr\/homepage\/","title":{"rendered":"Home"},"content":{"rendered":"<h1 style=\"text-align: center;\"><\/h1>\n<h1 style=\"text-align: center;\">Vente et achat, r\u00e9paration et pi\u00e8ces d\u00e9tach\u00e9es.<\/h1>\n<p style=\"text-align: center;\">R\u00e9parations et r\u00e9visions de toutes les marques de jukeboxes.<\/p>\n<p style=\"text-align: center;\">Nous avons de large reserves des pi\u00e8ces d\u00e9tach\u00e9es pour jukebox. Recherchez-vous une pi\u00e8ce en particulier, n&rsquo;hesitez pas \u00e0 nous contacter.<\/p>\n<p style=\"text-align: center;\">Achats de jukeboxes &#8211; Recevez de l&rsquo;esp\u00e8ces pour vos vielle jukebox Besoin d&rsquo;argent ou d&rsquo;espace? Nous pouvons ramasser vos jukebox sur demande<\/p>\n<p><strong>Garantie de 3 ans sur tous nos Jukebox restaur\u00e9s,100 vinyles 7 pouces gratuits , Livraison \u00e0 domicile et installation gratuites.<\/strong><\/p>\n<p style=\"text-align: center;\"><strong>Jukesales BV<\/strong><br \/>\nBunderstraat 254<br \/>\n6231 EP\u00a0 Meerssen<br \/>\nTel:00316 &#8211; 190 92 715<\/p>\n<p style=\"text-align: center;\"><strong>Horaires d&rsquo;ouverture\u00a0:<br \/>\nSur rendez-vous<\/strong><\/p>\n","protected":false},"excerpt":{"rendered":"<p>Vente et achat, r\u00e9paration et pi\u00e8ces d\u00e9tach\u00e9es. R\u00e9parations et r\u00e9visions de toutes les marques de jukeboxes. Nous avons de large reserves des pi\u00e8ces d\u00e9tach\u00e9es pour jukebox. Recherchez-vous une pi\u00e8ce en&hellip;<\/p>\n","protected":false},"author":1,"featured_media":0,"parent":0,"menu_order":0,"comment_status":"closed","ping_status":"closed","template":"","meta":{"footnotes":""},"class_list":["post-52","page","type-page","status-publish","hentry","col"],"translation":{"provider":"WPGlobus","version":"3.0.0","language":"fr","enabled_languages":["en","nl","es","de","fr"],"languages":{"en":{"title":true,"content":true,"excerpt":false},"nl":{"title":false,"content":true,"excerpt":false},"es":{"title":false,"content":true,"excerpt":false},"de":{"title":false,"content":true,"excerpt":false},"fr":{"title":false,"content":true,"excerpt":false}}},"_links":{"self":[{"href":"https:\/\/jukesales.nl\/fr\/wp-json\/wp\/v2\/pages\/52","targetHints":{"allow":["GET"]}}],"collection":[{"href":"https:\/\/jukesales.nl\/fr\/wp-json\/wp\/v2\/pages"}],"about":[{"href":"https:\/\/jukesales.nl\/fr\/wp-json\/wp\/v2\/types\/page"}],"author":[{"embeddable":true,"href":"https:\/\/jukesales.nl\/fr\/wp-json\/wp\/v2\/users\/1"}],"replies":[{"embeddable":true,"href":"https:\/\/jukesales.nl\/fr\/wp-json\/wp\/v2\/comments?post=52"}],"version-history":[{"count":17,"href":"https:\/\/jukesales.nl\/fr\/wp-json\/wp\/v2\/pages\/52\/revisions"}],"predecessor-version":[{"id":10880,"href":"https:\/\/jukesales.nl\/fr\/wp-json\/wp\/v2\/pages\/52\/revisions\/10880"}],"wp:attachment":[{"href":"https:\/\/jukesales.nl\/fr\/wp-json\/wp\/v2\/media?parent=52"}],"curies":[{"name":"wp","href":"https:\/\/api.w.org\/{rel}","templated":true}]}}