{"id":2,"date":"2016-05-05T13:17:29","date_gmt":"2016-05-05T13:17:29","guid":{"rendered":"http:\/\/www.temp.jukesales.nl\/?page_id=2"},"modified":"2025-10-17T13:41:45","modified_gmt":"2025-10-17T11:41:45","slug":"about","status":"publish","type":"page","link":"https:\/\/jukesales.nl\/fr\/about\/","title":{"rendered":"Qui sommes nous"},"content":{"rendered":"<p>Nous sommes un compagnie sp\u00e9cialis\u00e9e dans la restaurations de jukebox, cela a commenc\u00e9 par l&rsquo;acc\u00e8s libre a notre salle d&rsquo;exposition. Conseil et caf\u00e9 gratuit. Il y a une grande vari\u00e9t\u00e9 de mod\u00e8les haute gamme et des mod\u00e8les recondition\u00e9s des ann\u00e9es 70. Toutes les jukeboxes sont livr\u00e9es avec 3 garentie d&rsquo;un an en Allemagne, Belgique, Pays-Bas. La livraison et l&rsquo;instalation sont gratuite. A part notre salle d&rsquo;exposition. Nous avons une boutique en ligne avec \u00e0 disposition nos pi\u00e8ces d\u00e9tach\u00e9es de tierce partie et nos pi\u00e8ces d\u00e9tach\u00e9es originales. La pi\u00e8ce d\u00e9tach\u00e9es que vous recherchez ne figure pas dans la liste? N&rsquo;h\u00e9sitez pas \u00e0 nous contacter.<\/p>\n","protected":false},"excerpt":{"rendered":"<p>Nous sommes un compagnie sp\u00e9cialis\u00e9e dans la restaurations de jukebox, cela a commenc\u00e9 par l&rsquo;acc\u00e8s libre a notre salle d&rsquo;exposition. Conseil et caf\u00e9 gratuit. Il y a une grande vari\u00e9t\u00e9&hellip;<\/p>\n","protected":false},"author":1,"featured_media":0,"parent":0,"menu_order":0,"comment_status":"closed","ping_status":"open","template":"","meta":{"footnotes":""},"class_list":["post-2","page","type-page","status-publish","hentry","col"],"translation":{"provider":"WPGlobus","version":"3.0.0","language":"fr","enabled_languages":["en","nl","es","de","fr"],"languages":{"en":{"title":true,"content":true,"excerpt":false},"nl":{"title":true,"content":true,"excerpt":false},"es":{"title":true,"content":true,"excerpt":false},"de":{"title":false,"content":false,"excerpt":false},"fr":{"title":true,"content":true,"excerpt":false}}},"_links":{"self":[{"href":"https:\/\/jukesales.nl\/fr\/wp-json\/wp\/v2\/pages\/2","targetHints":{"allow":["GET"]}}],"collection":[{"href":"https:\/\/jukesales.nl\/fr\/wp-json\/wp\/v2\/pages"}],"about":[{"href":"https:\/\/jukesales.nl\/fr\/wp-json\/wp\/v2\/types\/page"}],"author":[{"embeddable":true,"href":"https:\/\/jukesales.nl\/fr\/wp-json\/wp\/v2\/users\/1"}],"replies":[{"embeddable":true,"href":"https:\/\/jukesales.nl\/fr\/wp-json\/wp\/v2\/comments?post=2"}],"version-history":[{"count":5,"href":"https:\/\/jukesales.nl\/fr\/wp-json\/wp\/v2\/pages\/2\/revisions"}],"predecessor-version":[{"id":10902,"href":"https:\/\/jukesales.nl\/fr\/wp-json\/wp\/v2\/pages\/2\/revisions\/10902"}],"wp:attachment":[{"href":"https:\/\/jukesales.nl\/fr\/wp-json\/wp\/v2\/media?parent=2"}],"curies":[{"name":"wp","href":"https:\/\/api.w.org\/{rel}","templated":true}]}}