{"id":52,"date":"2016-05-17T10:58:19","date_gmt":"2016-05-17T10:58:19","guid":{"rendered":"http:\/\/www.temp.jukesales.nl\/?page_id=52"},"modified":"2025-09-22T11:56:00","modified_gmt":"2025-09-22T09:56:00","slug":"homepage","status":"publish","type":"page","link":"https:\/\/jukesales.nl\/es\/homepage\/","title":{"rendered":"Home"},"content":{"rendered":"<h2 class=\"p1\" style=\"text-align: center;\"><\/h2>\n<h2 class=\"p1\" style=\"text-align: center;\"><span class=\"s1\">Venta y compra, reparos y partes<\/span><\/h2>\n<p class=\"p1\" style=\"text-align: center;\"><span class=\"s1\">Para reparaciones y revisiones de todo tipo de velloneras<\/span><\/p>\n<p class=\"p1\" style=\"text-align: center;\"><span class=\"s1\">Tenemos un gran suministro de partes de repuesto. Si est\u00e1s buscando una parte en espec\u00edfico no dudes en contactarnos.<\/span><\/p>\n<p class=\"p1\" style=\"text-align: center;\"><span class=\"s1\">Compra de Velloneras &#8211; Dinero en efectivo por tus velloneras viejas<\/span><\/p>\n<p class=\"p1\" style=\"text-align: center;\"><span class=\"s1\">\u00bfNecesitas dinero? Podemos recoger tu vellonera si lo solicitas.<\/span><\/p>\n<p><strong>Garant\u00eda de 3 a\u00f1os en todos nuestros Jukeboxes restaurados, 100 vinilos de 7 pulgadas gratis, entrega a domicilio e instalaci\u00f3n gratis.<\/strong><\/p>\n<p class=\"p1\" style=\"text-align: center;\"><strong>Jukesales Inc.<\/strong><br \/>\nBunderstraat 254<br \/>\n6231 EP\u00a0 Meerssen<br \/>\nPa\u00edses Bajos<br \/>\nTel\u00e9fono: 00316 &#8211; 190 92 715<\/p>\n<p style=\"text-align: center;\"><strong>Horario de apertura:<\/strong><br \/>\n<strong> Con cita previa<\/strong><\/p>\n","protected":false},"excerpt":{"rendered":"<p>Venta y compra, reparos y partes Para reparaciones y revisiones de todo tipo de velloneras Tenemos un gran suministro de partes de repuesto. Si est\u00e1s buscando una parte en espec\u00edfico&hellip;<\/p>\n","protected":false},"author":1,"featured_media":0,"parent":0,"menu_order":0,"comment_status":"closed","ping_status":"closed","template":"","meta":{"footnotes":""},"class_list":["post-52","page","type-page","status-publish","hentry","col"],"translation":{"provider":"WPGlobus","version":"3.0.0","language":"es","enabled_languages":["en","nl","es","de","fr"],"languages":{"en":{"title":true,"content":true,"excerpt":false},"nl":{"title":false,"content":true,"excerpt":false},"es":{"title":false,"content":true,"excerpt":false},"de":{"title":false,"content":true,"excerpt":false},"fr":{"title":false,"content":true,"excerpt":false}}},"_links":{"self":[{"href":"https:\/\/jukesales.nl\/es\/wp-json\/wp\/v2\/pages\/52","targetHints":{"allow":["GET"]}}],"collection":[{"href":"https:\/\/jukesales.nl\/es\/wp-json\/wp\/v2\/pages"}],"about":[{"href":"https:\/\/jukesales.nl\/es\/wp-json\/wp\/v2\/types\/page"}],"author":[{"embeddable":true,"href":"https:\/\/jukesales.nl\/es\/wp-json\/wp\/v2\/users\/1"}],"replies":[{"embeddable":true,"href":"https:\/\/jukesales.nl\/es\/wp-json\/wp\/v2\/comments?post=52"}],"version-history":[{"count":17,"href":"https:\/\/jukesales.nl\/es\/wp-json\/wp\/v2\/pages\/52\/revisions"}],"predecessor-version":[{"id":10880,"href":"https:\/\/jukesales.nl\/es\/wp-json\/wp\/v2\/pages\/52\/revisions\/10880"}],"wp:attachment":[{"href":"https:\/\/jukesales.nl\/es\/wp-json\/wp\/v2\/media?parent=52"}],"curies":[{"name":"wp","href":"https:\/\/api.w.org\/{rel}","templated":true}]}}