{"id":2,"date":"2016-05-05T13:17:29","date_gmt":"2016-05-05T13:17:29","guid":{"rendered":"http:\/\/www.temp.jukesales.nl\/?page_id=2"},"modified":"2025-10-17T13:41:45","modified_gmt":"2025-10-17T11:41:45","slug":"about","status":"publish","type":"page","link":"https:\/\/jukesales.nl\/es\/about\/","title":{"rendered":"Sobre Nosotros"},"content":{"rendered":"<p style=\"text-align: center;\">Somos una compa\u00f1\u00eda especializada en la restauraci\u00f3n de veloneras viejas, que originalmente comenz\u00f3 como un hobby. Nuestros 25 a\u00f1os de experiencia se pueden notar a trav\u00e9s de la calidad de las restauraciones. Pueden visitar nuestras sala de exposici\u00f3n cualquier d\u00eda. Consejos y caf\u00e9 son gratis. Tenemos una gran variedad de los mejores modelos restaurados y modelos renovados de los a\u00f1os 70. Todas las veloneras son entregadas con garant\u00eda de 3 a\u00f1o a Alemania, B\u00e9lgica y los Pa\u00edses Bajos. La entrega y su instalaci\u00f3n tambi\u00e9n son gratis. Adem\u00e1s de nuestra sala de exposici\u00f3n. Tenemos una tienda en l\u00ednea con piezas originales y de tercer partido. Si la pieza que busca no est\u00e1 en la lista, no dude en contactarnos.<\/p>\n","protected":false},"excerpt":{"rendered":"<p>Somos una compa\u00f1\u00eda especializada en la restauraci\u00f3n de veloneras viejas, que originalmente comenz\u00f3 como un hobby. Nuestros 25 a\u00f1os de experiencia se pueden notar a trav\u00e9s de la calidad de&hellip;<\/p>\n","protected":false},"author":1,"featured_media":0,"parent":0,"menu_order":0,"comment_status":"closed","ping_status":"open","template":"","meta":{"footnotes":""},"class_list":["post-2","page","type-page","status-publish","hentry","col"],"translation":{"provider":"WPGlobus","version":"3.0.0","language":"es","enabled_languages":["en","nl","es","de","fr"],"languages":{"en":{"title":true,"content":true,"excerpt":false},"nl":{"title":true,"content":true,"excerpt":false},"es":{"title":true,"content":true,"excerpt":false},"de":{"title":false,"content":false,"excerpt":false},"fr":{"title":true,"content":true,"excerpt":false}}},"_links":{"self":[{"href":"https:\/\/jukesales.nl\/es\/wp-json\/wp\/v2\/pages\/2","targetHints":{"allow":["GET"]}}],"collection":[{"href":"https:\/\/jukesales.nl\/es\/wp-json\/wp\/v2\/pages"}],"about":[{"href":"https:\/\/jukesales.nl\/es\/wp-json\/wp\/v2\/types\/page"}],"author":[{"embeddable":true,"href":"https:\/\/jukesales.nl\/es\/wp-json\/wp\/v2\/users\/1"}],"replies":[{"embeddable":true,"href":"https:\/\/jukesales.nl\/es\/wp-json\/wp\/v2\/comments?post=2"}],"version-history":[{"count":5,"href":"https:\/\/jukesales.nl\/es\/wp-json\/wp\/v2\/pages\/2\/revisions"}],"predecessor-version":[{"id":10902,"href":"https:\/\/jukesales.nl\/es\/wp-json\/wp\/v2\/pages\/2\/revisions\/10902"}],"wp:attachment":[{"href":"https:\/\/jukesales.nl\/es\/wp-json\/wp\/v2\/media?parent=2"}],"curies":[{"name":"wp","href":"https:\/\/api.w.org\/{rel}","templated":true}]}}