{"id":52,"date":"2016-05-17T10:58:19","date_gmt":"2016-05-17T10:58:19","guid":{"rendered":"http:\/\/www.temp.jukesales.nl\/?page_id=52"},"modified":"2025-09-22T11:56:00","modified_gmt":"2025-09-22T09:56:00","slug":"homepage","status":"publish","type":"page","link":"https:\/\/jukesales.nl\/de\/homepage\/","title":{"rendered":"Home"},"content":{"rendered":"<h2 style=\"text-align: center;\"><\/h2>\n<h2 style=\"text-align: center;\">Kauf und Verkauf, Reperatur und Ersatzteile<\/h2>\n<p style=\"text-align: center;\">Zur Reparatur und \u00dcberarbeitung aller Jukebox Marken<\/p>\n<p style=\"text-align: center;\">Wir haben einen gro\u00dfen Vorrat an Jukebox-Teilen. Wenn Du nach einem spezifischem Teil suchst, dann z\u00f6gere nicht uns kontaktiere.<\/p>\n<p style=\"text-align: center;\">Jukebox Verkauf \u2013 Inzahlungnahme Deiner alten Jukebox.<\/p>\n<p style=\"text-align: center;\">Brauchst Du Geld oder Platz? Wir k\u00f6nnen bei Bedarf Deine Jukebox abholen.<\/p>\n<p><strong>3 Jahre Garantie auf alle unsere restaurierten Jukeboxen,100 Vinyl 7 Zoll gratis , kostenlose Lieferung und Installation nach Hause.<\/strong><\/p>\n<p style=\"text-align: center;\"><strong>Jukesales Inc.<\/strong><br \/>\nBunderstraat 254<br \/>\n6231 EP\u00a0 Meerssen<br \/>\nThe Netherlands<br \/>\nTelefon: 00316 \u2013 190 92 715<\/p>\n<p style=\"text-align: center;\"><strong>Gesch\u00e4ftszeiten Ausstellungsraum:<\/strong><br \/>\n<strong>Nach Vereinbarung.<\/strong><\/p>\n","protected":false},"excerpt":{"rendered":"<p>Kauf und Verkauf, Reperatur und Ersatzteile Zur Reparatur und \u00dcberarbeitung aller Jukebox Marken Wir haben einen gro\u00dfen Vorrat an Jukebox-Teilen. Wenn Du nach einem spezifischem Teil suchst, dann z\u00f6gere nicht&hellip;<\/p>\n","protected":false},"author":1,"featured_media":0,"parent":0,"menu_order":0,"comment_status":"closed","ping_status":"closed","template":"","meta":{"footnotes":""},"class_list":["post-52","page","type-page","status-publish","hentry","col"],"translation":{"provider":"WPGlobus","version":"3.0.0","language":"de","enabled_languages":["en","nl","es","de","fr"],"languages":{"en":{"title":true,"content":true,"excerpt":false},"nl":{"title":false,"content":true,"excerpt":false},"es":{"title":false,"content":true,"excerpt":false},"de":{"title":false,"content":true,"excerpt":false},"fr":{"title":false,"content":true,"excerpt":false}}},"_links":{"self":[{"href":"https:\/\/jukesales.nl\/de\/wp-json\/wp\/v2\/pages\/52","targetHints":{"allow":["GET"]}}],"collection":[{"href":"https:\/\/jukesales.nl\/de\/wp-json\/wp\/v2\/pages"}],"about":[{"href":"https:\/\/jukesales.nl\/de\/wp-json\/wp\/v2\/types\/page"}],"author":[{"embeddable":true,"href":"https:\/\/jukesales.nl\/de\/wp-json\/wp\/v2\/users\/1"}],"replies":[{"embeddable":true,"href":"https:\/\/jukesales.nl\/de\/wp-json\/wp\/v2\/comments?post=52"}],"version-history":[{"count":17,"href":"https:\/\/jukesales.nl\/de\/wp-json\/wp\/v2\/pages\/52\/revisions"}],"predecessor-version":[{"id":10880,"href":"https:\/\/jukesales.nl\/de\/wp-json\/wp\/v2\/pages\/52\/revisions\/10880"}],"wp:attachment":[{"href":"https:\/\/jukesales.nl\/de\/wp-json\/wp\/v2\/media?parent=52"}],"curies":[{"name":"wp","href":"https:\/\/api.w.org\/{rel}","templated":true}]}}